{"id":842,"date":"2015-12-10T11:33:30","date_gmt":"2015-12-10T09:33:30","guid":{"rendered":"http:\/\/82.223.13.99\/?page_id=842"},"modified":"2024-11-25T19:45:21","modified_gmt":"2024-11-25T17:45:21","slug":"adamel-lhomargy-france","status":"publish","type":"page","link":"https:\/\/www.sms-labo.fr\/index.php\/adamel-lhomargy-france\/","title":{"rendered":"Adamel Lhomargy, des instruments made in France"},"content":{"rendered":"\n\n\n<figure class=\"wp-block-image size-full\"><img loading=\"lazy\" decoding=\"async\" width=\"300\" height=\"52\" src=\"http:\/\/www.sms-labo.fr\/wp-content\/uploads\/2022\/06\/Logo-Adamel-Lhomargy_resultat.jpg\" alt=\"Logo Adamel Lhomargy France\" class=\"wp-image-1487\"\/><figcaption class=\"wp-element-caption\">Adamel Lhomargy France<\/figcaption><\/figure>\n\n\n\n\n\n<p>Marque d\u00e9pos\u00e9e, propri\u00e9t\u00e9 de la soci\u00e9t\u00e9 Savoie Maintenance Service.<\/p>\n\n\n\n<p class=\"has-medium-font-size\"><\/p>\n\n\n\n<p>C&rsquo;est un gamme d&rsquo;instruments de mesure made in France qui reprend une histoire centenaire.<\/p>\n\n\n\n<p>Nous assurons directement la conception et la maintenance de tous les instruments produits depuis 1965.<\/p>\n\n\n\n<p>Sans <strong>aucun interm\u00e9diaire<\/strong>, directement du producteur \u00e0 l&rsquo;utilisateur.<\/p>\n\n\n\n\n\n<p><a href=\"http:\/\/www.adamellhomargy.com\">Adamel Lhomargy<\/a> vous propose des appareils de mesure adapt\u00e9s \u00e0 vos contraintes normatives.<\/p>\n","protected":false},"excerpt":{"rendered":"<p>Marque d\u00e9pos\u00e9e, propri\u00e9t\u00e9 de la soci\u00e9t\u00e9 Savoie Maintenance Service. C&rsquo;est un gamme d&rsquo;instruments de mesure made in France qui reprend une histoire centenaire. Nous assurons directement la conception et la maintenance de tous les instruments produits depuis 1965. Sans aucun interm\u00e9diaire, directement du producteur \u00e0 l&rsquo;utilisateur. Adamel Lhomargy vous propose des appareils de mesure adapt\u00e9s [&hellip;]<\/p>\n","protected":false},"author":1,"featured_media":0,"parent":0,"menu_order":0,"comment_status":"closed","ping_status":"closed","template":"","meta":{"_et_pb_use_builder":"","_et_pb_old_content":"","_et_gb_content_width":"","footnotes":""},"class_list":["post-842","page","type-page","status-publish","hentry"],"yoast_head":"<!-- This site is optimized with the Yoast SEO plugin v26.8 - https:\/\/yoast.com\/product\/yoast-seo-wordpress\/ -->\n<title>Adamel Lhomargy, des instruments made in France - Savoie Maintenance Service<\/title>\n<meta name=\"description\" content=\"Une marque fran\u00e7aise d&#039;instruments de mesure. Adamel Lhomargy repr\u00e9sente technicit\u00e9 et caract\u00e9risation de la performance des mat\u00e9riaux.\" \/>\n<meta name=\"robots\" content=\"index, follow, max-snippet:-1, max-image-preview:large, max-video-preview:-1\" \/>\n<link rel=\"canonical\" href=\"https:\/\/www.sms-labo.fr\/index.php\/adamel-lhomargy-france\/\" \/>\n<meta property=\"og:locale\" content=\"fr_FR\" \/>\n<meta property=\"og:type\" content=\"article\" \/>\n<meta property=\"og:title\" content=\"Adamel Lhomargy, des instruments made in France - Savoie Maintenance Service\" \/>\n<meta property=\"og:description\" content=\"Une marque fran\u00e7aise d&#039;instruments de mesure. Adamel Lhomargy repr\u00e9sente technicit\u00e9 et caract\u00e9risation de la performance des mat\u00e9riaux.\" \/>\n<meta property=\"og:url\" content=\"https:\/\/www.sms-labo.fr\/index.php\/adamel-lhomargy-france\/\" \/>\n<meta property=\"og:site_name\" content=\"Savoie Maintenance Service\" \/>\n<meta property=\"article:modified_time\" content=\"2024-11-25T17:45:21+00:00\" \/>\n<meta property=\"og:image\" content=\"http:\/\/www.sms-labo.fr\/wp-content\/uploads\/2022\/06\/Logo-Adamel-Lhomargy_resultat.jpg\" \/>\n<meta name=\"twitter:card\" content=\"summary_large_image\" \/>\n<meta name=\"twitter:label1\" content=\"Dur\u00e9e de lecture estim\u00e9e\" \/>\n\t<meta name=\"twitter:data1\" content=\"1 minute\" \/>\n<script type=\"application\/ld+json\" class=\"yoast-schema-graph\">{\"@context\":\"https:\/\/schema.org\",\"@graph\":[{\"@type\":\"WebPage\",\"@id\":\"https:\/\/www.sms-labo.fr\/index.php\/adamel-lhomargy-france\/\",\"url\":\"https:\/\/www.sms-labo.fr\/index.php\/adamel-lhomargy-france\/\",\"name\":\"Adamel Lhomargy, des instruments made in France - Savoie Maintenance Service\",\"isPartOf\":{\"@id\":\"https:\/\/www.sms-labo.fr\/#website\"},\"primaryImageOfPage\":{\"@id\":\"https:\/\/www.sms-labo.fr\/index.php\/adamel-lhomargy-france\/#primaryimage\"},\"image\":{\"@id\":\"https:\/\/www.sms-labo.fr\/index.php\/adamel-lhomargy-france\/#primaryimage\"},\"thumbnailUrl\":\"http:\/\/www.sms-labo.fr\/wp-content\/uploads\/2022\/06\/Logo-Adamel-Lhomargy_resultat.jpg\",\"datePublished\":\"2015-12-10T09:33:30+00:00\",\"dateModified\":\"2024-11-25T17:45:21+00:00\",\"description\":\"Une marque fran\u00e7aise d'instruments de mesure. Adamel Lhomargy repr\u00e9sente technicit\u00e9 et caract\u00e9risation de la performance des mat\u00e9riaux.\",\"breadcrumb\":{\"@id\":\"https:\/\/www.sms-labo.fr\/index.php\/adamel-lhomargy-france\/#breadcrumb\"},\"inLanguage\":\"fr-FR\",\"potentialAction\":[{\"@type\":\"ReadAction\",\"target\":[\"https:\/\/www.sms-labo.fr\/index.php\/adamel-lhomargy-france\/\"]}]},{\"@type\":\"ImageObject\",\"inLanguage\":\"fr-FR\",\"@id\":\"https:\/\/www.sms-labo.fr\/index.php\/adamel-lhomargy-france\/#primaryimage\",\"url\":\"https:\/\/www.sms-labo.fr\/wp-content\/uploads\/2022\/06\/Logo-Adamel-Lhomargy_resultat.jpg\",\"contentUrl\":\"https:\/\/www.sms-labo.fr\/wp-content\/uploads\/2022\/06\/Logo-Adamel-Lhomargy_resultat.jpg\",\"width\":300,\"height\":52,\"caption\":\"Adamel Lhomargy France\"},{\"@type\":\"BreadcrumbList\",\"@id\":\"https:\/\/www.sms-labo.fr\/index.php\/adamel-lhomargy-france\/#breadcrumb\",\"itemListElement\":[{\"@type\":\"ListItem\",\"position\":1,\"name\":\"Accueil\",\"item\":\"https:\/\/www.sms-labo.fr\/\"},{\"@type\":\"ListItem\",\"position\":2,\"name\":\"Adamel Lhomargy, des instruments made in France\"}]},{\"@type\":\"WebSite\",\"@id\":\"https:\/\/www.sms-labo.fr\/#website\",\"url\":\"https:\/\/www.sms-labo.fr\/\",\"name\":\"Savoie Maintenance Service\",\"description\":\"Des qualit\u00e9s sur mesure\",\"potentialAction\":[{\"@type\":\"SearchAction\",\"target\":{\"@type\":\"EntryPoint\",\"urlTemplate\":\"https:\/\/www.sms-labo.fr\/?s={search_term_string}\"},\"query-input\":{\"@type\":\"PropertyValueSpecification\",\"valueRequired\":true,\"valueName\":\"search_term_string\"}}],\"inLanguage\":\"fr-FR\"}]}<\/script>\n<!-- \/ Yoast SEO plugin. -->","yoast_head_json":{"title":"Adamel Lhomargy, des instruments made in France - Savoie Maintenance Service","description":"Une marque fran\u00e7aise d'instruments de mesure. Adamel Lhomargy repr\u00e9sente technicit\u00e9 et caract\u00e9risation de la performance des mat\u00e9riaux.","robots":{"index":"index","follow":"follow","max-snippet":"max-snippet:-1","max-image-preview":"max-image-preview:large","max-video-preview":"max-video-preview:-1"},"canonical":"https:\/\/www.sms-labo.fr\/index.php\/adamel-lhomargy-france\/","og_locale":"fr_FR","og_type":"article","og_title":"Adamel Lhomargy, des instruments made in France - Savoie Maintenance Service","og_description":"Une marque fran\u00e7aise d'instruments de mesure. Adamel Lhomargy repr\u00e9sente technicit\u00e9 et caract\u00e9risation de la performance des mat\u00e9riaux.","og_url":"https:\/\/www.sms-labo.fr\/index.php\/adamel-lhomargy-france\/","og_site_name":"Savoie Maintenance Service","article_modified_time":"2024-11-25T17:45:21+00:00","og_image":[{"url":"http:\/\/www.sms-labo.fr\/wp-content\/uploads\/2022\/06\/Logo-Adamel-Lhomargy_resultat.jpg","type":"","width":"","height":""}],"twitter_card":"summary_large_image","twitter_misc":{"Dur\u00e9e de lecture estim\u00e9e":"1 minute"},"schema":{"@context":"https:\/\/schema.org","@graph":[{"@type":"WebPage","@id":"https:\/\/www.sms-labo.fr\/index.php\/adamel-lhomargy-france\/","url":"https:\/\/www.sms-labo.fr\/index.php\/adamel-lhomargy-france\/","name":"Adamel Lhomargy, des instruments made in France - Savoie Maintenance Service","isPartOf":{"@id":"https:\/\/www.sms-labo.fr\/#website"},"primaryImageOfPage":{"@id":"https:\/\/www.sms-labo.fr\/index.php\/adamel-lhomargy-france\/#primaryimage"},"image":{"@id":"https:\/\/www.sms-labo.fr\/index.php\/adamel-lhomargy-france\/#primaryimage"},"thumbnailUrl":"http:\/\/www.sms-labo.fr\/wp-content\/uploads\/2022\/06\/Logo-Adamel-Lhomargy_resultat.jpg","datePublished":"2015-12-10T09:33:30+00:00","dateModified":"2024-11-25T17:45:21+00:00","description":"Une marque fran\u00e7aise d'instruments de mesure. Adamel Lhomargy repr\u00e9sente technicit\u00e9 et caract\u00e9risation de la performance des mat\u00e9riaux.","breadcrumb":{"@id":"https:\/\/www.sms-labo.fr\/index.php\/adamel-lhomargy-france\/#breadcrumb"},"inLanguage":"fr-FR","potentialAction":[{"@type":"ReadAction","target":["https:\/\/www.sms-labo.fr\/index.php\/adamel-lhomargy-france\/"]}]},{"@type":"ImageObject","inLanguage":"fr-FR","@id":"https:\/\/www.sms-labo.fr\/index.php\/adamel-lhomargy-france\/#primaryimage","url":"https:\/\/www.sms-labo.fr\/wp-content\/uploads\/2022\/06\/Logo-Adamel-Lhomargy_resultat.jpg","contentUrl":"https:\/\/www.sms-labo.fr\/wp-content\/uploads\/2022\/06\/Logo-Adamel-Lhomargy_resultat.jpg","width":300,"height":52,"caption":"Adamel Lhomargy France"},{"@type":"BreadcrumbList","@id":"https:\/\/www.sms-labo.fr\/index.php\/adamel-lhomargy-france\/#breadcrumb","itemListElement":[{"@type":"ListItem","position":1,"name":"Accueil","item":"https:\/\/www.sms-labo.fr\/"},{"@type":"ListItem","position":2,"name":"Adamel Lhomargy, des instruments made in France"}]},{"@type":"WebSite","@id":"https:\/\/www.sms-labo.fr\/#website","url":"https:\/\/www.sms-labo.fr\/","name":"Savoie Maintenance Service","description":"Des qualit\u00e9s sur mesure","potentialAction":[{"@type":"SearchAction","target":{"@type":"EntryPoint","urlTemplate":"https:\/\/www.sms-labo.fr\/?s={search_term_string}"},"query-input":{"@type":"PropertyValueSpecification","valueRequired":true,"valueName":"search_term_string"}}],"inLanguage":"fr-FR"}]}},"_links":{"self":[{"href":"https:\/\/www.sms-labo.fr\/index.php\/wp-json\/wp\/v2\/pages\/842","targetHints":{"allow":["GET"]}}],"collection":[{"href":"https:\/\/www.sms-labo.fr\/index.php\/wp-json\/wp\/v2\/pages"}],"about":[{"href":"https:\/\/www.sms-labo.fr\/index.php\/wp-json\/wp\/v2\/types\/page"}],"author":[{"embeddable":true,"href":"https:\/\/www.sms-labo.fr\/index.php\/wp-json\/wp\/v2\/users\/1"}],"replies":[{"embeddable":true,"href":"https:\/\/www.sms-labo.fr\/index.php\/wp-json\/wp\/v2\/comments?post=842"}],"version-history":[{"count":5,"href":"https:\/\/www.sms-labo.fr\/index.php\/wp-json\/wp\/v2\/pages\/842\/revisions"}],"predecessor-version":[{"id":1624,"href":"https:\/\/www.sms-labo.fr\/index.php\/wp-json\/wp\/v2\/pages\/842\/revisions\/1624"}],"wp:attachment":[{"href":"https:\/\/www.sms-labo.fr\/index.php\/wp-json\/wp\/v2\/media?parent=842"}],"curies":[{"name":"wp","href":"https:\/\/api.w.org\/{rel}","templated":true}]}}